{"id":174,"date":"2021-12-20T09:53:24","date_gmt":"2021-12-20T08:53:24","guid":{"rendered":"http:\/\/isabelle-mievre-sophrologie.com\/?page_id=174"},"modified":"2023-03-29T17:54:52","modified_gmt":"2023-03-29T15:54:52","slug":"contact","status":"publish","type":"page","link":"https:\/\/isabelle-mievre-sophrologie.com\/index.php\/contact\/","title":{"rendered":"Contact"},"content":{"rendered":"<div  data-label=\"About\" data-id=\"about--2\" data-export-id=\"about-9\" data-category=\"about\" class=\"about-9 content-section content-section-spacing\" id=\"about-2\" style=\"background-color: rgb(245, 250, 253);\"><div  class=\"gridContainer\"> <div  class=\"row middle-sm text-center\"><div  class=\"col-sm-5 space-bottom-xs content-column content-right-sm\" data-type=\"column\">  <h2  class=\"\" style=\"text-align: left;\"><span  style=\"color: rgb(155, 67, 67);\">Conditions g\u00e9n\u00e9rales de vente<\/span>\n<\/h2> <p  class=\"\" style=\"text-align: justify;\"><span  style=\"color: rgb(155, 67, 67); font-family: &quot;times new roman&quot;, times, serif; font-weight: 700;\">Merci de lire avec attention les diff\u00e9rentes modalit\u00e9s d\u2019utilisation du pr\u00e9sent site avant d\u2019y parcourir ses pages. En vous connectant sur ce site, vous acceptez sans r\u00e9serve les pr\u00e9sentes modalit\u00e9s.<\/span><br ><span  style=\"font-family: &quot;times new roman&quot;, times, serif; font-weight: 500; color: rgb(155, 67, 67);\">\nConform\u00e9ment aux dispositions des articles 6-III et 19 de la Loi n\u00b0 2004-575 du 21 juin 2004 pour la confiance dans l\u2019\u00e9conomie num\u00e9rique, dite L.C.E.N., nous portons \u00e0 la connaissance des utilisateurs et visiteurs du site www.isabelle-mievre-sophrologie.com les informations suivantes :\n<\/span><br ><span  style=\"font-family: &quot;times new roman&quot;, times, serif; font-weight: 700; color: rgb(155, 67, 67);\">\n1. Informations l\u00e9gales<\/span><br ><span  style=\"font-family: &quot;times new roman&quot;, times, serif; font-weight: 500; color: rgb(155, 67, 67);\">\n1.1 \u00c9diteur du site<\/span><br ><span  style=\"font-family: &quot;times new roman&quot;, times, serif; font-weight: 500; color: rgb(155, 67, 67);\">\nNom : Isabelle Mi\u00e8vre<\/span><br ><span  style=\"font-family: &quot;times new roman&quot;, times, serif; font-weight: 500; color: rgb(155, 67, 67);\">\nCode <\/span><span  id=\"_mce_caret\" data-mce-bogus=\"1\" data-mce-type=\"format-caret\"><span  style=\"color: rgb(155, 67, 67); font-family: &quot;times new roman&quot;, times, serif; font-weight: 500;\">\ufeff<\/span><\/span><span  style=\"font-family: &quot;times new roman&quot;, times, serif; font-weight: 500; color: rgb(155, 67, 67);\">postal : 29710<\/span><br ><span  style=\"font-family: &quot;times new roman&quot;, times, serif; font-weight: 500; color: rgb(155, 67, 67);\">\nVille : Plogastel Saint Germain<\/span><br ><span  style=\"font-family: &quot;times new roman&quot;, times, serif; font-weight: 500; color: rgb(155, 67, 67);\">\nT\u00e9l\u00e9phone : 0615080035<\/span><br ><span  style=\"color: rgb(155, 67, 67); font-family: &quot;times new roman&quot;, times, serif; font-weight: 500;\">\n1.2 Activit\u00e9<\/span><br ><span  style=\"color: rgb(155, 67, 67); font-family: &quot;times new roman&quot;, times, serif; font-weight: 500;\">\nNom de l\u2019\u00c9tat de l\u2019Union europ\u00e9enne dans lequel le titre professionnel a \u00e9t\u00e9 octroy\u00e9 : France<\/span><br ><span  style=\"color: rgb(155, 67, 67); font-family: &quot;times new roman&quot;, times, serif; font-weight: 500;\">\nSiret : 949 173 678 00010<\/span><br ><span  style=\"color: rgb(155, 67, 67); font-family: &quot;times new roman&quot;, times, serif; font-weight: 500;\">\n1.3 Site internet<\/span><br ><span  style=\"color: rgb(155, 67, 67); font-family: &quot;times new roman&quot;, times, serif; font-weight: 500;\">\nH\u00e9bergeur : OVH<\/span><br ><span  style=\"color: rgb(155, 67, 67); font-family: &quot;times new roman&quot;, times, serif; font-weight: 500;\">\nAdresse : 2 rue Kellermann \u2013 59100 Roubaix \u2013 France<\/span><br ><span  style=\"color: rgb(155, 67, 67); font-family: &quot;times new roman&quot;, times, serif; font-weight: 500;\">\nSite Web : https:\/\/www.ovhcloud.com<\/span><span  style=\"color: rgb(155, 67, 67); font-family: &quot;times new roman&quot;, times, serif; font-weight: 500;\">1.4 Responsable de la publication<\/span><br ><span  style=\"color: rgb(155, 67, 67); font-family: &quot;times new roman&quot;, times, serif; font-weight: 500;\">\nResponsable de la publication :&nbsp; Isabelle Mi\u00e8vre<\/span><br ><span  style=\"color: rgb(155, 67, 67); font-family: &quot;times new roman&quot;, times, serif; font-weight: 500;\">\nEmail : isabelle.mievre@gmail.com<\/span><br ><span  style=\"color: rgb(155, 67, 67); font-family: &quot;times new roman&quot;, times, serif; font-weight: 500;\">\nT\u00e9l\u00e9phone : 06 15 08 00 35<\/span><br ><span  style=\"color: rgb(155, 67, 67); font-family: &quot;times new roman&quot;, times, serif; font-weight: 500;\">\nVille du tribunal de comp\u00e9tence en cas de litige : Quimper<\/span><br ><span  style=\"color: rgb(155, 67, 67); font-family: &quot;times new roman&quot;, times, serif; font-weight: 500;\">\nLa responsable de la publication est une personne physique.\n<\/span><br ><span  style=\"color: rgb(155, 67, 67); font-family: &quot;times new roman&quot;, times, serif; font-weight: 700;\">\n2. Pr\u00e9sentation et principe<\/span><br ><span  style=\"color: rgb(155, 67, 67); font-family: &quot;times new roman&quot;, times, serif; font-weight: 500;\">\nEst d\u00e9sign\u00e9 ci-apr\u00e8s : Utilisateur, tout internaute se connectant et utilisant le site susnomm\u00e9 : www.isabelle-mievre-sophrologie.com.<\/span><br ><span  style=\"color: rgb(155, 67, 67); font-family: &quot;times new roman&quot;, times, serif; font-weight: 500;\">Isabelle Mi\u00e8vre s\u2019efforce de fournir sur le site www.isabelle-mievre-sophrologie.com les informations les plus pr\u00e9cises et \u00e0 jour possibles (sous r\u00e9serve de modifications apport\u00e9es depuis leur mise en ligne), mais ne saurait garantir l\u2019exactitude, la compl\u00e9tude et l\u2019actualit\u00e9 des informations diffus\u00e9es sur son site, qu\u2019elles soient de son fait ou du fait des tiers partenaires qui lui fournissent ces informations. En cons\u00e9quence, l\u2019internaute devra donc s\u2019assurer de l\u2019exactitude des informations et signaler toutes modifications du site qu\u2019il jugerait utile.<\/span><br ><span  style=\"color: rgb(155, 67, 67); font-family: &quot;times new roman&quot;, times, serif; font-weight: 500;\">Isabelle Mi\u00e8vre n\u2019est en aucun cas responsable de l\u2019utilisation faite de ces informations, et de tout pr\u00e9judice direct ou indirect pouvant en d\u00e9couler.\n<\/span><br ><span  style=\"color: rgb(155, 67, 67); font-family: &quot;times new roman&quot;, times, serif; font-weight: 700;\">\n3. Accessibilit\u00e9<\/span><br ><span  style=\"color: rgb(155, 67, 67); font-family: &quot;times new roman&quot;, times, serif; font-weight: 500;\">\nLe site www.isabelle-mievre-sophrologie.com est par principe accessible aux utilisateurs 24\/24h, 7\/7j, sauf interruption, programm\u00e9e ou non, pour les besoins de sa maintenance ou en cas de force majeure.<\/span><br ><span  style=\"color: rgb(155, 67, 67); font-family: &quot;times new roman&quot;, times, serif; font-weight: 500;\">\nEn cas d\u2019impossibilit\u00e9 d\u2019acc\u00e8s au service, Isabelle Mi\u00e8vre s\u2019engage \u00e0 faire son maximum afin de r\u00e9tablir l\u2019acc\u00e8s au service. N\u2019\u00e9tant soumis qu\u2019\u00e0 une obligation de moyen, Isabelle Mi\u00e8vre ne saurait \u00eatre tenu pour responsable de tout dommage, quelle qu\u2019en soit la nature, r\u00e9sultant d\u2019une indisponibilit\u00e9 du service.\n<\/span><br ><span  style=\"color: rgb(155, 67, 67); font-family: &quot;times new roman&quot;, times, serif; font-weight: 700;\">\n4. Propri\u00e9t\u00e9 intellectuelle<\/span><br ><span  style=\"color: rgb(155, 67, 67); font-family: &quot;times new roman&quot;, times, serif; font-weight: 500;\">Isabelle Mi\u00e8vre est propri\u00e9taire exclusif de tous les droits de propri\u00e9t\u00e9 intellectuelle ou d\u00e9tient les droits d\u2019usage sur tous les \u00e9l\u00e9ments accessibles sur le site, tant sur la structure que sur les textes, images, graphismes, logo, ic\u00f4nes, sons, logiciels\u2026<\/span><br ><span  style=\"color: rgb(155, 67, 67); font-family: &quot;times new roman&quot;, times, serif; font-weight: 500;\">\nToute reproduction totale ou partielle du site www.isabelle-mievre-sophrologie.com, repr\u00e9sentation, modification, publication, adaptation totale ou partielle de l\u2019un quelconque de ces \u00e9l\u00e9ments est interdite, sauf autorisation \u00e9crite pr\u00e9alable Isabelle Mi\u00e8vre. \u00c0 d\u00e9faut, elle sera consid\u00e9r\u00e9e comme constitutive d\u2019une contrefa\u00e7on et passible de poursuite conform\u00e9ment aux dispositions des articles L.335-2 et suivants du Code de Propri\u00e9t\u00e9 Intellectuelle.\n<\/span><br ><span  style=\"color: rgb(155, 67, 67); font-family: &quot;times new roman&quot;, times, serif; font-weight: 700;\">\n5.Liens hypertextes et cookies<\/span><br ><span  style=\"color: rgb(155, 67, 67); font-family: &quot;times new roman&quot;, times, serif; font-weight: 500;\">\n5.1. Liens hypertexte<\/span><br ><span  style=\"color: rgb(155, 67, 67); font-family: &quot;times new roman&quot;, times, serif; font-weight: 500;\">\nLe site www.isabelle-mievre-sophrologie.com peut contenir un certain nombre de liens hypertextes vers d\u2019autres sites. Isabelle Mi\u00e8vre ne dispose d\u2019aucun moyen pour contr\u00f4ler les sites en connexion avec son site internet et ne r\u00e9pond pas de la disponibilit\u00e9 de tels sites et sources externes, ni ne la garantit. Isabelle Mi\u00e8vre ne peut \u00eatre tenue pour responsable de tout dommage, de quelque nature que ce soit, r\u00e9sultant du contenu de ces sites ou sources externes, et notamment des informations, produits ou services qu\u2019ils proposent.<\/span><br ><span  style=\"color: rgb(155, 67, 67); font-family: &quot;times new roman&quot;, times, serif; font-weight: 500;\">\nSi vous naviguez vers un de ces sites, veuillez noter qu\u2019ils poss\u00e8dent leur propre politique de confidentialit\u00e9 et que notre responsabilit\u00e9 s\u2019arr\u00eate au moment o\u00f9 vous quittez notre site.<\/span><br ><span  style=\"color: rgb(155, 67, 67); font-family: &quot;times new roman&quot;, times, serif; font-weight: 500;\">\nLes utilisateurs des sites internet ne peuvent mettre en place un hyperlien en direction de ce site sans l\u2019autorisation expresse et pr\u00e9alable de Isabelle Mi\u00e8vre qui se r\u00e9serve le droit d\u2019accepter ou de refuser un hyperlien sans avoir \u00e0 en justifier sa d\u00e9cision.<\/span><br ><span  style=\"color: rgb(155, 67, 67); font-family: &quot;times new roman&quot;, times, serif; font-weight: 500;\">\n5.2. Cookies<\/span><br ><span  style=\"color: rgb(155, 67, 67); font-family: &quot;times new roman&quot;, times, serif; font-weight: 500;\">\nL\u2019utilisateur est inform\u00e9 que lors de ses visites sur le site www.isabelle-mievre-sophrologie.com, un ou des cookies sont susceptibles de s\u2019installer automatiquement sur son ordinateur par l\u2019interm\u00e9diaire de son logiciel de navigation. Un cookie est un bloc de donn\u00e9es qui ne permet pas d\u2019identifier l\u2019utilisateur, mais qui enregistre des informations relatives \u00e0 la navigation de celui-ci sur le site. Il contient plusieurs donn\u00e9es qui sont stock\u00e9es sur votre ordinateur dans un simple fichier texte auquel un serveur acc\u00e8de pour lire et enregistrer des informations.<\/span><br ><span  style=\"color: rgb(155, 67, 67); font-family: &quot;times new roman&quot;, times, serif; font-weight: 500;\">\nLe param\u00e9trage du logiciel de navigation permet d\u2019informer de la pr\u00e9sence de cookie et \u00e9ventuellement, de la refuser de la mani\u00e8re d\u00e9crite \u00e0 l\u2019adresse suivante : www.cnil.fr.<\/span><br ><span  style=\"color: rgb(155, 67, 67); font-family: &quot;times new roman&quot;, times, serif; font-weight: 500;\">\n5.3. Les cookies tiers<\/span><br ><span  style=\"color: rgb(155, 67, 67); font-family: &quot;times new roman&quot;, times, serif; font-weight: 500;\">\nNotre site peut contenir des liens vers ou depuis des sites partenaires et d\u2019autres sites tiers. Si vous naviguez vers un de ces sites, veuillez noter qu\u2019ils poss\u00e8dent leur propre politique de confidentialit\u00e9 et que notre responsabilit\u00e9 s\u2019arr\u00eate au moment o\u00f9 vous quittez notre site. V\u00e9rifiez les politiques de confidentialit\u00e9 avant de transmettre vos donn\u00e9es personnelles \u00e0 des sites tiers.\n<br ><\/span><br ><span  style=\"color: rgb(155, 67, 67); font-family: &quot;times new roman&quot;, times, serif; font-weight: 700;\">\n6. Protection des biens et des personnes \u2013 gestion des donn\u00e9es personnelles<\/span><br ><span  style=\"color: rgb(155, 67, 67); font-family: &quot;times new roman&quot;, times, serif; font-weight: 500;\">\nLe client est inform\u00e9 des r\u00e9glementations concernant la communication marketing, la loi du 21 Juin 2014 pour la confiance dans l\u2019\u00c9conomie Num\u00e9rique, la Loi Informatique et Libert\u00e9 du 06 Ao\u00fbt 2004 ainsi que du R\u00e8glement G\u00e9n\u00e9ral sur la Protection des Donn\u00e9es (RGPD : n\u00b0 2016-679).<\/span><br ><span  style=\"color: rgb(155, 67, 67); font-family: &quot;times new roman&quot;, times, serif; font-weight: 500;\">\n6.1. Responsables de la collecte des donn\u00e9es personnelles<\/span><br ><span  style=\"color: rgb(155, 67, 67); font-family: &quot;times new roman&quot;, times, serif; font-weight: 500;\">\nPour les donn\u00e9es personnelles collect\u00e9es dans le cadre de la cr\u00e9ation du compte personnel de l\u2019utilisateur et de sa navigation sur le Site, le responsable du traitement des donn\u00e9es personnelles est : Isabelle Mi\u00e8vre, www.isabelle-mievre-sophrologie.com est repr\u00e9sent\u00e9 par Isabelle Mi\u00e8vre, son repr\u00e9sentant l\u00e9gal.<\/span><br ><span  style=\"color: rgb(155, 67, 67); font-family: &quot;times new roman&quot;, times, serif; font-weight: 500;\">\nEn tant que responsable du traitement des donn\u00e9es qu\u2019il collecte, www.isabelle-mievre-sophrologie.com s\u2019engage \u00e0 respecter le cadre des dispositions l\u00e9gales en vigueur. Il lui appartient notamment d\u2019\u00e9tablir les finalit\u00e9s de ses traitements de donn\u00e9es, de fournir \u00e0 ses prospects et clients, \u00e0 partir de la collecte de leurs consentements, une information compl\u00e8te sur le traitement de leurs donn\u00e9es personnelles et de maintenir un registre des traitements conforme \u00e0 la r\u00e9alit\u00e9. Chaque fois que www.isabelle-mievre-sophrologie.com traite des donn\u00e9es personnelles, www.isabelle-mievre-sophrologie.com prend toutes les mesures raisonnables pour s\u2019assurer de l\u2019exactitude et de la pertinence des donn\u00e9es personnelles au regard des finalit\u00e9s pour lesquelles www.isabelle-mievre-sophrologie.com les traite.<\/span><br ><span  style=\"color: rgb(155, 67, 67); font-family: &quot;times new roman&quot;, times, serif; font-weight: 500;\">\n6.2. Finalit\u00e9 des donn\u00e9es collect\u00e9es<\/span><br ><span  style=\"color: rgb(155, 67, 67); font-family: &quot;times new roman&quot;, times, serif; font-weight: 500;\">\nwww.isabelle-mievre-sophrologie.com est susceptible de traiter tout ou partie des donn\u00e9es :<\/span><br ><span  style=\"color: rgb(155, 67, 67); font-family: &quot;times new roman&quot;, times, serif; font-weight: 500;\">\npour permettre la navigation sur le site et la connexion \u00e0 l\u2019espace priv\u00e9e par l\u2019utilisateur : donn\u00e9es de connexion et d\u2019utilisation du site<\/span><br ><span  style=\"color: rgb(155, 67, 67); font-family: &quot;times new roman&quot;, times, serif; font-weight: 500;\">\npour pr\u00e9venir et lutter contre la fraude informatique (spamming, hacking\u2026) : mat\u00e9riel informatique utilis\u00e9 pour la navigation, l\u2019adresse IP, pages visit\u00e9es<\/span><br ><span  style=\"color: rgb(155, 67, 67); font-family: &quot;times new roman&quot;, times, serif; font-weight: 500;\">\npour am\u00e9liorer la navigation sur le site : donn\u00e9es de connexion et d\u2019utilisation<\/span><br ><span  style=\"color: rgb(155, 67, 67); font-family: &quot;times new roman&quot;, times, serif; font-weight: 500;\">\nwww.isabelle-mievre-sophrologie.com ne commercialise pas vos donn\u00e9es personnelles qui sont donc uniquement utilis\u00e9es par n\u00e9cessit\u00e9 ou \u00e0 des fins statistiques et d\u2019analyses.\n<\/span><br ><span  style=\"color: rgb(155, 67, 67); font-family: &quot;times new roman&quot;, times, serif; font-weight: 700;\">\n7- Limitation de responsabilit\u00e9<\/span><br ><span  style=\"color: rgb(155, 67, 67); font-family: &quot;times new roman&quot;, times, serif; font-weight: 500;\">\nLes informations contenues sur ce site sont aussi pr\u00e9cises que possibles et le site est p\u00e9riodiquement remis \u00e0 jour, mais peut toutefois contenir des inexactitudes, des omissions ou des lacunes. Si vous constatez une lacune, erreur ou ce qui para\u00eet \u00eatre un dysfonctionnement, merci de bien vouloir le signaler par email en d\u00e9crivant le probl\u00e8me de la mani\u00e8re la plus pr\u00e9cise possible (page posant probl\u00e8me, action d\u00e9clenchante, type d\u2019ordinateur et de navigateur utilis\u00e9, \u2026). www.isablle-mievre-sophrologie.com ne peut pas \u00eatre tenu responsable des lacunes, erreurs ou dysfonctionnement engendr\u00e9s.<\/span><br ><span  style=\"color: rgb(155, 67, 67); font-family: &quot;times new roman&quot;, times, serif; font-weight: 500;\">\nTout contenu t\u00e9l\u00e9charg\u00e9 se fait aux risques et p\u00e9rils de l\u2019utilisateur et sous sa seule responsabilit\u00e9. En cons\u00e9quence, Isabelle Mi\u00e8vre ne saurait \u00eatre tenu responsable d\u2019un quelconque dommage subi par l\u2019ordinateur de l\u2019utilisateur ou d\u2019une quelconque perte de donn\u00e9es cons\u00e9cutives au t\u00e9l\u00e9chargement.<\/span><br ><span  style=\"color: rgb(155, 67, 67); font-family: &quot;times new roman&quot;, times, serif; font-weight: 500;\">\nLes liens hypertextes mis en place dans le cadre du pr\u00e9sent site internet en direction d\u2019autres ressources pr\u00e9sentes sur le r\u00e9seau Internet ne sauraient engager la responsabilit\u00e9 de Isabelle Mi\u00e8vre.<\/span><br ><span  style=\"color: rgb(155, 67, 67); font-family: &quot;times new roman&quot;, times, serif; font-weight: 500;\">\nA propos des mentions l\u00e9gales :<\/span><br ><span  style=\"color: rgb(155, 67, 67); font-family: &quot;times new roman&quot;, times, serif; font-weight: 500;\">\nLes mentions l\u00e9gales d\u00e9finies sur cette page s\u2019appliquent \u00e0 l\u2019ensemble du pr\u00e9sent site internet et sont susceptibles d\u2019\u00e9voluer sans pr\u00e9avis. L\u2019utilisateur du site est donc invit\u00e9 \u00e0 les consulter r\u00e9guli\u00e8rement afin d\u2019en prendre connaissance.<\/span><\/p> <\/div> <div  class=\"col-sm-7 flexbox flexbox middle-xs center-xs space-bottom-xs\"><div  class=\"overlay-box flexbox middle-xs center-xs overlay-holder \"> <div  class=\"overlay-box-offset offset-background shadow-medium bg-color2 hide-xs\"><\/div> <img decoding=\"async\"  class=\"flexbox shadow-large img1\" src=\"https:\/\/isabelle-mievre-sophrologie.com\/wp-content\/uploads\/2021\/11\/cropped-20211106_132042-scaled-1.jpg\" data-size=\"600x400\" title=\"20211106_132042\" alt=\"\"><\/div> <\/div><\/div> <\/div><\/div><div  data-label=\"Contact\" data-id=\"contact--1\" data-export-id=\"contact-1\" data-category=\"contact\" class=\"contact-1 content-section content-section-spacing white-text\" data-parallax-depth=\"20\" id=\"contact-1\" style=\"background-color: rgb(255, 255, 255); background-image: url(&quot;https:\/\/isabelle-mievre-sophrologie.com\/wp-content\/uploads\/2021\/10\/DSC01930-scaled.jpg&quot;); background-size: cover; background-position: center top;\"><div  class=\"gridContainer\"> <div  class=\"row text-center\"><div  class=\"section-title-col\" data-type=\"column\"> <h2  class=\"\">Me contacter via ce formulaire<\/h2> <p  class=\"lead\">Une question, une demande? Renseignez ce formulaire !<\/p><\/div> <\/div> <div  class=\"row text-center\"> <div  class=\"col-xs-12 col-sm-8 col-sm-offset-2 contact-form-wrapper inline-info\"> <div  class=\"card large-padding\"> <div  class=\"\" data-content-shortcode=\"mesmerize_contact_form shortcode=&quot;contact-form-7 id=&amp;amp;quot;327&amp;amp;quot; title=&amp;amp;quot;Formulaire de contact 1&amp;amp;quot;&quot;\" data-editable=\"true\">\n<div class=\"wpcf7 no-js\" id=\"wpcf7-f327-o1\" lang=\"fr-FR\" dir=\"ltr\" data-wpcf7-id=\"327\">\n<div class=\"screen-reader-response\"><p role=\"status\" aria-live=\"polite\" aria-atomic=\"true\"><\/p> <ul><\/ul><\/div>\n<form action=\"\/index.php\/wp-json\/wp\/v2\/pages\/174#wpcf7-f327-o1\" method=\"post\" class=\"wpcf7-form init\" aria-label=\"Formulaire de contact\" novalidate=\"novalidate\" data-status=\"init\">\n<fieldset class=\"hidden-fields-container\"><input type=\"hidden\" name=\"_wpcf7\" value=\"327\" \/><input type=\"hidden\" name=\"_wpcf7_version\" value=\"6.1.2\" \/><input type=\"hidden\" name=\"_wpcf7_locale\" value=\"fr_FR\" \/><input type=\"hidden\" name=\"_wpcf7_unit_tag\" value=\"wpcf7-f327-o1\" \/><input type=\"hidden\" name=\"_wpcf7_container_post\" value=\"0\" \/><input type=\"hidden\" name=\"_wpcf7_posted_data_hash\" value=\"\" \/>\n<\/fieldset>\n<p><label> Votre nom<br \/>\n<span class=\"wpcf7-form-control-wrap\" data-name=\"your-name\"><input size=\"40\" maxlength=\"400\" class=\"wpcf7-form-control wpcf7-text wpcf7-validates-as-required\" aria-required=\"true\" aria-invalid=\"false\" value=\"\" type=\"text\" name=\"your-name\" \/><\/span> <\/label>\n<\/p>\n<p><label> Votre e-mail<br \/>\n<span class=\"wpcf7-form-control-wrap\" data-name=\"your-email\"><input size=\"40\" maxlength=\"400\" class=\"wpcf7-form-control wpcf7-email wpcf7-validates-as-required wpcf7-text wpcf7-validates-as-email\" aria-required=\"true\" aria-invalid=\"false\" value=\"\" type=\"email\" name=\"your-email\" \/><\/span> <\/label>\n<\/p>\n<p><label> Objet<br \/>\n<span class=\"wpcf7-form-control-wrap\" data-name=\"your-subject\"><input size=\"40\" maxlength=\"400\" class=\"wpcf7-form-control wpcf7-text wpcf7-validates-as-required\" aria-required=\"true\" aria-invalid=\"false\" value=\"\" type=\"text\" name=\"your-subject\" \/><\/span> <\/label>\n<\/p>\n<p><label> Votre message<br \/>\n<span class=\"wpcf7-form-control-wrap\" data-name=\"your-message\"><textarea cols=\"40\" rows=\"10\" maxlength=\"2000\" class=\"wpcf7-form-control wpcf7-textarea\" aria-invalid=\"false\" name=\"your-message\"><\/textarea><\/span> <\/label>\n<\/p>\n<p><input class=\"wpcf7-form-control wpcf7-submit has-spinner\" type=\"submit\" value=\"Envoyer\" \/>\n<\/p><div class=\"wpcf7-response-output\" aria-hidden=\"true\"><\/div>\n<\/form>\n<\/div>\n<\/div><\/div> <\/div><\/div> <\/div><\/div>","protected":false},"excerpt":{"rendered":"<p>Conditions g\u00e9n\u00e9rales de vente Merci de lire avec attention les diff\u00e9rentes modalit\u00e9s d\u2019utilisation du pr\u00e9sent site avant d\u2019y parcourir ses pages. En vous connectant sur ce site, vous acceptez sans r\u00e9serve les pr\u00e9sentes modalit\u00e9s. Conform\u00e9ment aux dispositions des articles 6-III et 19 de la Loi n\u00b0 2004-575 du 21 juin 2004 pour la confiance dans&hellip; <br \/> <a class=\"read-more\" href=\"https:\/\/isabelle-mievre-sophrologie.com\/index.php\/contact\/\">Read more<\/a><\/p>\n","protected":false},"author":1,"featured_media":0,"parent":0,"menu_order":0,"comment_status":"closed","ping_status":"closed","template":"pro\/page-templates\/full-width-page.php","meta":{"footnotes":""},"class_list":["post-174","page","type-page","status-publish","hentry"],"_links":{"self":[{"href":"https:\/\/isabelle-mievre-sophrologie.com\/index.php\/wp-json\/wp\/v2\/pages\/174","targetHints":{"allow":["GET"]}}],"collection":[{"href":"https:\/\/isabelle-mievre-sophrologie.com\/index.php\/wp-json\/wp\/v2\/pages"}],"about":[{"href":"https:\/\/isabelle-mievre-sophrologie.com\/index.php\/wp-json\/wp\/v2\/types\/page"}],"author":[{"embeddable":true,"href":"https:\/\/isabelle-mievre-sophrologie.com\/index.php\/wp-json\/wp\/v2\/users\/1"}],"replies":[{"embeddable":true,"href":"https:\/\/isabelle-mievre-sophrologie.com\/index.php\/wp-json\/wp\/v2\/comments?post=174"}],"version-history":[{"count":9,"href":"https:\/\/isabelle-mievre-sophrologie.com\/index.php\/wp-json\/wp\/v2\/pages\/174\/revisions"}],"predecessor-version":[{"id":507,"href":"https:\/\/isabelle-mievre-sophrologie.com\/index.php\/wp-json\/wp\/v2\/pages\/174\/revisions\/507"}],"wp:attachment":[{"href":"https:\/\/isabelle-mievre-sophrologie.com\/index.php\/wp-json\/wp\/v2\/media?parent=174"}],"curies":[{"name":"wp","href":"https:\/\/api.w.org\/{rel}","templated":true}]}}