{"id":60,"date":"2021-10-31T17:34:27","date_gmt":"2021-10-31T16:34:27","guid":{"rendered":"http:\/\/isabelle-mievre-sophrologie.com\/?page_id=60"},"modified":"2024-10-29T21:17:55","modified_gmt":"2024-10-29T20:17:55","slug":"qui-suis-je","status":"publish","type":"page","link":"https:\/\/isabelle-mievre-sophrologie.com\/index.php\/qui-suis-je\/","title":{"rendered":"Me conna\u00eetre"},"content":{"rendered":"<div  data-label=\"About\" data-id=\"about--1\" data-export-id=\"about-1\" data-category=\"about\" class=\"about-1 content-section\" id=\"about-1\" style=\"background-color: rgb(245, 250, 253);\"><div  class=\"gridContainer\"> <div  class=\"row text-center\"><div  class=\"section-title-col\" data-type=\"column\"> <h5  class=\"\"><span  style=\"font-family: &quot;times new roman&quot;, times, serif;\">Je suis originaire d\u2019Annecy, en Haute Savoie.\n<\/span><span  id=\"_mce_caret\" data-mce-bogus=\"1\" data-mce-type=\"format-caret\"><span  style=\"font-family: &quot;times new roman&quot;, times, serif;\">\ufeff<\/span><\/span><\/h5> <h2  class=\"\"><span  style=\"font-weight: 200; font-family: &quot;times new roman&quot;, times, serif;\">Isabelle Mi\u00e8vre<\/span><span  id=\"_mce_caret\" data-mce-bogus=\"1\" data-mce-type=\"format-caret\"><span  style=\"font-family: &quot;times new roman&quot;, times, serif;\">\ufeff<\/span><\/span><\/h2> <p  class=\"lead\">&nbsp;\n<br ><br ><span  style=\"font-weight: 500; font-family: &quot;times new roman&quot;, times, serif;\">Je suis sophrologue, certifi\u00e9e du cycle fondamental \u00e0 l\u2019\u00e9cole de Sophrologie Cayc\u00e9dienne d\u2019Annecy, Mars 2021 (titre RNCP).<\/span><br ><span  style=\"font-weight: 500; font-family: &quot;times new roman&quot;, times, serif;\">Diplom\u00e9e du Master Sp\u00e9cialiste en Sophrologie Caycedienne (titre priv\u00e9 Sofrocay), Mars 2023.\n<br ><br >Form\u00e9e au programme Mieux-\u00eatre et Sophrologie\n<\/span><br ><br ><span  style=\"font-family: &quot;times new roman&quot;, times, serif; font-weight: 500;\">Form\u00e9e au programme Mieux dormir et Sophrologie (certification Juin 2024)<\/span><br ><br ><span  id=\"_mce_caret\" data-mce-bogus=\"1\" data-mce-type=\"format-caret\"><span  style=\"font-weight: 300;\">\ufeff<\/span><\/span><br ><font  face=\"times new roman, times, serif\">Riche de mon exp\u00e9rience dans le milieu du salariat et de mon approche dans plusieurs activit\u00e9s sportives comme l\u2019\u00e9quitation, la marche nordique (B.E. F.F.R.P.) et bien d\u2019autres, j\u2019ai \u00e0 coeur de vous proposer mon accompagnement.\n<br ><br >\n<br >Besoin d\u2019un accompagnement pour la gestion du stress, des \u00e9motions, du renforcement des capacit\u00e9s, de renforcer la confiance en soi, de se pr\u00e9parer \u00e0 vivre un \u00e9v\u00e8nement anxiog\u00e8ne, d\u2019am\u00e9liorer la qualit\u00e9 du sommeil ?\n<br ><br >Elaborons ensemble un programme qui vous permettra de devenir autonome et de vivre le quotidien avec s\u00e9r\u00e9nit\u00e9 !<\/font><br ><span  id=\"_mce_caret\" data-mce-bogus=\"1\" data-mce-type=\"format-caret\"><span  style=\"color: rgb(83, 153, 37); font-family: &quot;times new roman&quot;, times, serif; font-weight: 500;\">\ufeff<\/span><\/span><span  id=\"_mce_caret\" data-mce-bogus=\"1\" data-mce-type=\"format-caret\"><span  style=\"font-family: &quot;Open Sans&quot;, arial, helvetica, sans-serif;\">\ufeff<\/span><\/span><\/p><img decoding=\"async\"  class=\"custom-image\" src=\"https:\/\/isabelle-mievre-sophrologie.com\/wp-content\/uploads\/2024\/03\/cropped-telechargement-3.jpg\" title=\"cropped-telechargement-3.jpg\" alt=\"\"><\/div> <\/div> <div  class=\"row\"> <div  class=\"button-holder space-bottom space-bottom-small\" data-type=\"column\"> <img  decoding=\"async\" class=\"custom-image\" src=\"#\"><img  decoding=\"async\" class=\"custom-image\" src=\"https:\/\/isabelle-mievre-sophrologie.com\/wp-content\/uploads\/2023\/02\/cropped-logo-JPG-basse-def.jpg\" title=\"cropped-logo-JPG-basse-def.jpg\" alt=\"\"><p  class=\"\"><span  style=\"color: rgb(60, 66, 79);\">\n<br ><span  style=\"font-family: &quot;times new roman&quot;, times, serif; font-weight: 500;\">Membre adh\u00e9rente.<\/span><br ><br >\n<\/span><\/p><\/div> <div  class=\"col-xs bottom-xs flexbox image-group-bottom-3-img space-bottom-xs center-xs\"> <img  decoding=\"async\" class=\"left-img shadow-large-black\" data-size=\"500x300\" src=\"https:\/\/isabelle-mievre-sophrologie.com\/wp-content\/uploads\/2023\/02\/20220226_133750-scaled.jpg\" title=\"20220226_133750\" alt=\"\"> <img  decoding=\"async\" class=\"center-img shadow-large-black\" data-size=\"500x300\" src=\"https:\/\/isabelle-mievre-sophrologie.com\/wp-content\/uploads\/2022\/01\/cropped-20171008_161755-1.jpg\" title=\"cropped-20171008_161755-1.jpg\" alt=\"\"> <img  decoding=\"async\" class=\"right-img shadow-large-black\" data-size=\"500x300\" src=\"https:\/\/isabelle-mievre-sophrologie.com\/wp-content\/uploads\/2021\/10\/20210403_082908-scaled.jpg\" title=\"20210403_082908\" alt=\"\"><\/div> <\/div><\/div> <\/div>","protected":false},"excerpt":{"rendered":"<p>Je suis originaire d\u2019Annecy, en Haute Savoie. \ufeff Isabelle Mi\u00e8vre\ufeff &nbsp; Je suis sophrologue, certifi\u00e9e du cycle fondamental \u00e0 l\u2019\u00e9cole de Sophrologie Cayc\u00e9dienne d\u2019Annecy, Mars 2021 (titre RNCP).Diplom\u00e9e du Master Sp\u00e9cialiste en Sophrologie Caycedienne (titre priv\u00e9 Sofrocay), Mars 2023. Form\u00e9e au programme Mieux-\u00eatre et Sophrologie Form\u00e9e au programme Mieux dormir et Sophrologie (certification Juin 2024)\ufeffRiche&hellip; <br \/> <a class=\"read-more\" href=\"https:\/\/isabelle-mievre-sophrologie.com\/index.php\/qui-suis-je\/\">Read more<\/a><\/p>\n","protected":false},"author":1,"featured_media":0,"parent":0,"menu_order":0,"comment_status":"closed","ping_status":"closed","template":"pro\/page-templates\/full-width-page.php","meta":{"footnotes":""},"class_list":["post-60","page","type-page","status-publish","hentry"],"_links":{"self":[{"href":"https:\/\/isabelle-mievre-sophrologie.com\/index.php\/wp-json\/wp\/v2\/pages\/60","targetHints":{"allow":["GET"]}}],"collection":[{"href":"https:\/\/isabelle-mievre-sophrologie.com\/index.php\/wp-json\/wp\/v2\/pages"}],"about":[{"href":"https:\/\/isabelle-mievre-sophrologie.com\/index.php\/wp-json\/wp\/v2\/types\/page"}],"author":[{"embeddable":true,"href":"https:\/\/isabelle-mievre-sophrologie.com\/index.php\/wp-json\/wp\/v2\/users\/1"}],"replies":[{"embeddable":true,"href":"https:\/\/isabelle-mievre-sophrologie.com\/index.php\/wp-json\/wp\/v2\/comments?post=60"}],"version-history":[{"count":22,"href":"https:\/\/isabelle-mievre-sophrologie.com\/index.php\/wp-json\/wp\/v2\/pages\/60\/revisions"}],"predecessor-version":[{"id":593,"href":"https:\/\/isabelle-mievre-sophrologie.com\/index.php\/wp-json\/wp\/v2\/pages\/60\/revisions\/593"}],"wp:attachment":[{"href":"https:\/\/isabelle-mievre-sophrologie.com\/index.php\/wp-json\/wp\/v2\/media?parent=60"}],"curies":[{"name":"wp","href":"https:\/\/api.w.org\/{rel}","templated":true}]}}