{"id":62,"date":"2021-10-31T17:44:22","date_gmt":"2021-10-31T16:44:22","guid":{"rendered":"http:\/\/isabelle-mievre-sophrologie.com\/?page_id=62"},"modified":"2024-03-10T19:04:40","modified_gmt":"2024-03-10T18:04:40","slug":"les-seances","status":"publish","type":"page","link":"https:\/\/isabelle-mievre-sophrologie.com\/index.php\/les-seances\/","title":{"rendered":"Les s\u00e9ances"},"content":{"rendered":"<div  data-label=\"Overlappable\" data-id=\"overlappable--1\" data-export-id=\"overlappable-3\" data-category=\"overlappable\" class=\"overlappable-3 content-section content-section-spacing\" data-overlap=\"true\" id=\"overlappable-1\" style=\"background-color: rgb(255, 255, 255);\"><div  class=\"gridContainer\"> <div  class=\"row bg-color-white shadow-medium\"><div  class=\"col-xs-12 col-sm-6 image-col first-image-col\" data-bg=\"image\"><\/div> <div  class=\"col-xs-12 col-sm-6 content-col col-padding col-padding-xs\"> <div  class=\"col-padding\" data-type=\"column\"> <h4  class=\"\">ACCOMPAGNEMENT<\/h4> <p  class=\"\"><span  id=\"_mce_caret\" data-mce-bogus=\"1\" data-mce-type=\"format-caret\"><span  style=\"font-family: &quot;times new roman&quot;, times, serif; font-weight: 500; color: rgb(6, 6, 6);\">\ufeffJe propose un accompagnement en visio.\n<br >Un accompagnement en pr\u00e9sentiel est possible, recherche d\u2019un emplacement en cours.\n<br >\n<br >Possibilit\u00e9 de faire un accompagnement au forfait, sur un engagement sur plusieurs s\u00e9ances, en fonction de votre besoin.<br >\n<br ><span  style=\"font-family: &quot;Playfair Display&quot;, arial, helvetica, sans-serif; font-weight: 700;\">Horaires:<\/span>\n<br ><br >Du mardi au vendredi: 18h-21h.<br >Le samedi: 9h-12h. \n<br ><br >Autres possibilit\u00e9s: me contacter<\/span><\/span><\/p> <\/div> <\/div><\/div> <div  class=\"row bg-color-white shadow-medium\"><div  class=\"col-xs-12 col-sm-6 content-col col-padding col-padding-xs\"> <div  class=\"col-padding\" data-type=\"column\"><h4  class=\"\">REGLEMENTS<\/h4> <p  class=\"\"><span  id=\"_mce_caret\" data-mce-bogus=\"1\" data-mce-type=\"format-caret\"><span  style=\"font-family: &quot;times new roman&quot;, times, serif; font-weight: 500; color: rgb(6, 6, 6);\">\ufeffLe r\u00e8glement de la s\u00e9ance valide le rendez-vous (possibilit\u00e9 de r\u00e9gler par esp\u00e8ce ou par ch\u00e8que).&nbsp;\n<br ><br >Inscription valid\u00e9e avec le r\u00e8glement, s\u00e9ance non rembours\u00e9e en cas d\u2019absence.<br >\n\n<br >Offre et devis sur demande via le formulaire de contact.<br ><br >Certaines mutuelles financent la totalit\u00e9 ou une partie des s\u00e9ances, renseignez-vous aupr\u00e8s de votre organisme.<br ><br >\n<\/span><\/span><\/p> <\/div> <\/div> <div  class=\"col-xs-12 col-sm-6 image-col second-image-col first-xs last-sm\" data-bg=\"image\" style=\"background-image: url(&quot;https:\/\/isabelle-mievre-sophrologie.com\/wp-content\/uploads\/2023\/03\/cropped-images-paiement.jpg&quot;);\"><\/div> <\/div><\/div> <\/div><div  data-label=\"About\" data-id=\"about--5\" data-export-id=\"about-image-text\" data-category=\"about\" class=\"about-image-text content-section content-section-spacing\" id=\"about-5\" style=\"background-color: rgb(255, 255, 255);\"><div  class=\"gridContainer\"> <div  class=\"row\"><div  class=\"col-sm-6 flexbox-strech center-xs middle-xs no-gutter-col\"> <div  class=\"shadow-large overlap-right-large flexbox middle-xs center-xs left-img\" data-bg=\"image\" style=\"background-image: url(&quot;https:\/\/isabelle-mievre-sophrologie.com\/wp-content\/uploads\/2024\/03\/cropped-cropped-Bon-cadeau2-1.png&quot;);\"><\/div><\/div> <div  class=\"col-sm-6 space-bottom-xs col-padding-small-xs col-sm-padding-large bg-color5 white-text content-col\" data-type=\"column\">  <h2  class=\"\">Envie de faire plaisir ?<br >\n<\/h2><p  class=\"\">N\u2019h\u00e9sitez pas, offrez un bon cadeau pour faire d\u00e9couvrir la sophrologie ou tout simplement offrir un moment de d\u00e9tente et de relaxation !\n<br ><br ><br >\nPour toute information, utilisez le formulaire de contact !<\/p><\/div> <\/div><\/div> <\/div><div  data-label=\"About\" data-id=\"about--3\" data-export-id=\"about-10\" data-category=\"about\" class=\"about-10 content-section content-section-spacing\" id=\"about-3\" style=\"background-color: rgb(245, 250, 253);\"><div  class=\"gridContainer\"> <div  class=\"row middle-sm text-center\"><div  class=\"col-sm-5 space-bottom-xs content-column\" data-type=\"column\">  <h2  class=\"\">S\u00e9ance d\u00e9couverte<\/h2> <p  class=\"\"><span  id=\"_mce_caret\" data-mce-bogus=\"1\" data-mce-type=\"format-caret\"><span  style=\"font-family: &quot;times new roman&quot;, times, serif; font-weight: 500; color: rgb(6, 6, 6);\">\ufeffLa s\u00e9ance d\u00e9couverte dure entre 60 et 90min. Ce temps d\u2019\u00e9change permet de faire connaissance, pr\u00e9senter la sophrologie en prenant le temps d\u2019expliquer la m\u00e9thode pratiqu\u00e9e et la d\u00e9couvrir par une technique de base.\n<br ><br >\n<br >Tarif: 70 euros\/s\u00e9ance<\/span><\/span><\/p> <\/div> <div  class=\"col-sm-7 flexbox middle-xs center-xs space-bottom-xs\"><div  class=\"overlay-box middle-xs center-xs flexbox\"> <div  class=\"overlay-box-offset offset-border shadow-medium border-color1 hide-xs\"><\/div> <img  decoding=\"async\" class=\"shadow-large\" data-size=\"485x705\" src=\"https:\/\/isabelle-mievre-sophrologie.com\/wp-content\/uploads\/2021\/10\/20210403_083129-scaled.jpg\" title=\"20210403_083129\" alt=\"Lever de soleil lac Annecy\"><\/div> <\/div><\/div> <\/div><\/div><div  data-label=\"About\" data-id=\"about--1\" data-export-id=\"about-10\" data-category=\"about\" class=\"about-10 content-section content-section-spacing\" id=\"about-1\" style=\"background-color: rgb(245, 250, 253);\"><div  class=\"gridContainer\"> <div  class=\"row middle-sm text-center\"><div  class=\"col-sm-5 space-bottom-xs content-column\" data-type=\"column\">  <h2  class=\"\">S\u00e9ance individuelle\n<br ><br >\n<\/h2> <p  class=\"\"><span  style=\"color: rgb(6, 6, 6); font-family: &quot;times new roman&quot;, times, serif; font-weight: 500;\">Une s\u00e9ance individuelle dure entre 45 et 60 min. Elle se pratique de fa\u00e7on r\u00e9guli\u00e8re, 1 fois par semaine et vise l\u2019apprentissage d\u2019une m\u00e9thode pour devenir autonome.&nbsp;\n<\/span><span  id=\"_mce_caret\" data-mce-bogus=\"1\" data-mce-type=\"format-caret\"><span  style=\"color: rgb(6, 6, 6); font-family: arial, helvetica, sans-serif;\"><span  style=\"font-family: &quot;times new roman&quot;, times, serif; font-weight: 500;\">Les exercices se pratiquent debout ou assis. Les participants se retrouvent \u00e0 un niveau de conscience particulier, entre la veille et le sommeil, facilitant la prise de conscience des sensations et la dynamisation des pens\u00e9es positives.<\/span>\n<br ><br ><span  style=\"font-family: &quot;times new roman&quot;, times, serif; font-weight: 500;\">A la fin, nous proc\u00e9dons \u00e0 un \u00e9change libre sur la s\u00e9ance. Il s\u2019agit d\u2019une \u00e9tape importante dans la progression de la m\u00e9thode.\ufeff<\/span><\/span><\/span>\n<br ><br >\n<br ><span  style=\"color: rgb(6, 6, 6); font-family: &quot;times new roman&quot;, times, serif; font-weight: 500;\">Tarif: 50 euros\/s\u00e9ance<\/span><\/p> <\/div> <div  class=\"col-sm-7 flexbox middle-xs center-xs space-bottom-xs\"><div  class=\"overlay-box middle-xs center-xs flexbox\"> <div  class=\"overlay-box-offset offset-border shadow-medium border-color1 hide-xs\"><\/div> <img  decoding=\"async\" class=\"shadow-large\" data-size=\"485x705\" src=\"https:\/\/isabelle-mievre-sophrologie.com\/wp-content\/uploads\/2021\/10\/20210403_083841-scaled.jpg\" title=\"20210403_083841\" alt=\"\"><\/div> <\/div><\/div> <\/div><\/div><div  data-label=\"About\" data-id=\"about--2\" data-export-id=\"about-10\" data-category=\"about\" class=\"about-10 content-section content-section-spacing\" id=\"about-2\" style=\"background-color: rgb(255, 255, 255);\"><div  class=\"gridContainer\"> <div  class=\"row middle-sm text-center\"><div  class=\"col-sm-5 space-bottom-xs content-column\" data-type=\"column\">  <h2  class=\"\">S\u00e9ance collective<\/h2> <p  class=\"\"><span  style=\"color: rgb(6, 6, 6);\">\n<br ><br ><span  style=\"font-family: &quot;times new roman&quot;, times, serif; font-weight: 500;\">\nUne s\u00e9ance collective dure entre 45 et 60 min. Elle se pratique r\u00e9guli\u00e8rement, sur la m\u00eame structure qu\u2019une s\u00e9ance individuelle avec un groupe de 8 personnes maximum.<\/span><br ><br ><span  style=\"font-family: &quot;times new roman&quot;, times, serif; font-weight: 500;\">Lors d\u2019une s\u00e9ance collective, les exercices sont adapt\u00e9s en fonction du groupe et des besoins. Ainsi, la th\u00e9matique peut varier d\u2019une s\u00e9ance \u00e0 l\u2019autre. Les techniques contribuent au d\u00e9veloppement personnel de chacun.\n<\/span><br ><br ><span  style=\"font-family: &quot;times new roman&quot;, times, serif; font-weight: 500;\">Un \u00e9change libre a lieu en fin de s\u00e9ance.\n<br ><br >\n<\/span><span  style=\"font-family: &quot;times new roman&quot;, times, serif;\">Tarif: 20 euros\/pers.\/s\u00e9ance<\/span><\/span><br ><br ><br >\n<\/p> <\/div> <div  class=\"col-sm-7 flexbox middle-xs center-xs space-bottom-xs\"><div  class=\"overlay-box middle-xs center-xs flexbox\"> <div  class=\"overlay-box-offset offset-border shadow-medium border-color1 hide-xs\"><\/div> <img  decoding=\"async\" class=\"shadow-large\" data-size=\"485x705\" src=\"https:\/\/isabelle-mievre-sophrologie.com\/wp-content\/uploads\/2022\/01\/cropped-20200928_173724-scaled-1.jpg\" title=\"cropped-20200928_173724-scaled-1.jpg\" alt=\"\"><\/div> <\/div><\/div> <\/div><\/div>","protected":false},"excerpt":{"rendered":"<p>ACCOMPAGNEMENT \ufeffJe propose un accompagnement en visio. Un accompagnement en pr\u00e9sentiel est possible, recherche d\u2019un emplacement en cours. Possibilit\u00e9 de faire un accompagnement au forfait, sur un engagement sur plusieurs s\u00e9ances, en fonction de votre besoin. Horaires: Du mardi au vendredi: 18h-21h.Le samedi: 9h-12h. Autres possibilit\u00e9s: me contacter REGLEMENTS \ufeffLe r\u00e8glement de la s\u00e9ance valide&hellip; <br \/> <a class=\"read-more\" href=\"https:\/\/isabelle-mievre-sophrologie.com\/index.php\/les-seances\/\">Read more<\/a><\/p>\n","protected":false},"author":1,"featured_media":5,"parent":0,"menu_order":0,"comment_status":"closed","ping_status":"closed","template":"pro\/page-templates\/full-width-page.php","meta":{"footnotes":""},"class_list":["post-62","page","type-page","status-publish","has-post-thumbnail","hentry"],"_links":{"self":[{"href":"https:\/\/isabelle-mievre-sophrologie.com\/index.php\/wp-json\/wp\/v2\/pages\/62","targetHints":{"allow":["GET"]}}],"collection":[{"href":"https:\/\/isabelle-mievre-sophrologie.com\/index.php\/wp-json\/wp\/v2\/pages"}],"about":[{"href":"https:\/\/isabelle-mievre-sophrologie.com\/index.php\/wp-json\/wp\/v2\/types\/page"}],"author":[{"embeddable":true,"href":"https:\/\/isabelle-mievre-sophrologie.com\/index.php\/wp-json\/wp\/v2\/users\/1"}],"replies":[{"embeddable":true,"href":"https:\/\/isabelle-mievre-sophrologie.com\/index.php\/wp-json\/wp\/v2\/comments?post=62"}],"version-history":[{"count":25,"href":"https:\/\/isabelle-mievre-sophrologie.com\/index.php\/wp-json\/wp\/v2\/pages\/62\/revisions"}],"predecessor-version":[{"id":590,"href":"https:\/\/isabelle-mievre-sophrologie.com\/index.php\/wp-json\/wp\/v2\/pages\/62\/revisions\/590"}],"wp:featuredmedia":[{"embeddable":true,"href":"https:\/\/isabelle-mievre-sophrologie.com\/index.php\/wp-json\/wp\/v2\/media\/5"}],"wp:attachment":[{"href":"https:\/\/isabelle-mievre-sophrologie.com\/index.php\/wp-json\/wp\/v2\/media?parent=62"}],"curies":[{"name":"wp","href":"https:\/\/api.w.org\/{rel}","templated":true}]}}