{"id":77,"date":"2021-11-01T09:19:58","date_gmt":"2021-11-01T08:19:58","guid":{"rendered":"http:\/\/isabelle-mievre-sophrologie.com\/index.php\/mesmerize-pro\/"},"modified":"2024-03-10T16:28:30","modified_gmt":"2024-03-10T15:28:30","slug":"mesmerize-pro","status":"publish","type":"page","link":"https:\/\/isabelle-mievre-sophrologie.com\/","title":{"rendered":"Accueil"},"content":{"rendered":"<div  data-label=\"Plan du site\" data-id=\"overlappable--1\" data-export-id=\"overlappable-1\" data-category=\"overlappable\" class=\"overlappable-1 content-section content-section-spacing\" data-overlap=\"true\" id=\"plan-du-site\" style=\"background-color: rgb(255, 255, 255); background-image: none;\"><div  class=\"gridContainer\"> <div  data-type=\"row\" class=\"row shadow-medium\"><div  data-type=\"column\" class=\"col-xs-12 col-sm-4 flexcol col-padding col-padding-small-xs col-md-4 bg-color12\">  <h5  class=\"\"><span  style=\"font-family: &quot;times new roman&quot;, times, serif; color: rgb(255, 255, 255);\">Bienvenue<\/span><\/h5> <p  class=\"\"><span  style=\"font-family: &quot;times new roman&quot;, times, serif; color: rgb(255, 255, 255); font-weight: 500;\">Si vous vous retrouvez sur ce site, cela n\u2019est pas un hasard. D\u00e9couvrez moi et osez la d\u00e9couverte d\u2019un nouvel horizon!<\/span><span  id=\"_mce_caret\" data-mce-bogus=\"1\" data-mce-type=\"format-caret\"><span  style=\"color: rgb(116, 23, 23); font-family: &quot;Playfair Display&quot;, arial, helvetica, sans-serif;\">\ufeff<\/span><\/span><span  id=\"_mce_caret\" data-mce-bogus=\"1\" data-mce-type=\"format-caret\"><span  style=\"color: rgb(255, 255, 255);\">\ufeff<\/span><\/span><\/p> <a class=\"button color-white outline\" href=\"https:\/\/isabelle-mievre-sophrologie.com\" target=\"_self\" data-cp-link=\"1\" data-icon=\"\" rel=\"noopener\">Lire plus<\/a><\/div> <div  data-type=\"column\" class=\"col-xs-12 col-sm-4 flexcol col-padding col-padding-small-xs inverted bg-color10 col-md-4 bg-color21\"> <h5  class=\"inverted\"><span  style=\"font-family: &quot;times new roman&quot;, times, serif; color: rgb(60, 66, 79);\">La sophrologie<\/span><span  id=\"_mce_caret\" data-mce-bogus=\"1\" data-mce-type=\"format-caret\"><span  style=\"font-family: &quot;Playfair Display&quot;, arial, helvetica, sans-serif;\">\ufeff<\/span><\/span><span  id=\"_mce_caret\" data-mce-bogus=\"1\" data-mce-type=\"format-caret\"><span  style=\"color: rgb(255, 255, 255);\">\ufeff<\/span><\/span><span  id=\"_mce_caret\" data-mce-bogus=\"1\" data-mce-type=\"format-caret\"><span  style=\"color: rgb(60, 66, 79);\">\ufeff<\/span><\/span><\/h5> <p  class=\"\"><span  style=\"font-family: &quot;times new roman&quot;, times, serif; color: rgb(60, 66, 79); font-weight: 500;\">Apprenez \u00e0 respirer , \u00e0 vivre ici et maintenant.<\/span><span  id=\"_mce_caret\" data-mce-bogus=\"1\" data-mce-type=\"format-caret\"><span  style=\"color: rgb(116, 23, 23);\">\ufeff<\/span><\/span><span  id=\"_mce_caret\" data-mce-bogus=\"1\" data-mce-type=\"format-caret\"><span  style=\"color: rgb(116, 23, 23);\">\ufeff<\/span><\/span><\/p> <a class=\"button inverted color-black outline\" href=\"https:\/\/isabelle-mievre-sophrologie.com\/index.php\/la-sophrologie\" target=\"_self\" data-cp-link=\"1\" data-icon=\"\" rel=\"noopener\">Lire plus<\/a><\/div> <div  data-type=\"column\" class=\"col-xs-12 col-sm-4 flexcol col-padding col-padding-small-xs inverted bg-color9 col-md-4 bg-color12\"> <h5  class=\"inverted\"><span  style=\"font-family: &quot;times new roman&quot;, times, serif;\">Qui suis-je?<\/span><\/h5> <p  class=\"\"><span  style=\"font-family: &quot;times new roman&quot;, times, serif; font-weight: 500;\">Je suis Isabelle Mi\u00e8vre, sophrologue, je vous invite \u00e0 d\u00e9couvrir mon parcours !<\/span><\/p> <a class=\"button color-white outline\" href=\"https:\/\/isabelle-mievre-sophrologie.com\/index.php\/qui-suis-je\" target=\"_self\" data-cp-link=\"1\" data-icon=\"\" rel=\"noopener\">Lire plus<\/a><\/div> <div  data-type=\"column\" class=\"col-xs-12 col-sm-4 flexcol col-padding col-padding-small-xs col-md-4 bg-color21\">  <h5  class=\"\"><span  style=\"font-family: &quot;times new roman&quot;, times, serif;\"><font  face=\"Playfair Display, arial, helvetica, sans-serif\">S\u00e9ances et tarifs<\/font><\/span><\/h5> <p  class=\"\"><span  style=\"font-family: &quot;times new roman&quot;, times, serif; font-weight: 500;\"><span  style=\"color: rgb(60, 66, 79);\">Comment se d\u00e9roule une s\u00e9ance?<\/span>. <span  style=\"color: rgb(60, 66, 79);\">Quelles sont les diff\u00e9rentes s\u00e9ances propos\u00e9es?<\/span><\/span><\/p> <a class=\"button color-black outline\" href=\"https:\/\/isabelle-mievre-sophrologie.com\/index.php\/les-seances\" target=\"_self\" data-cp-link=\"1\" data-icon=\"\" rel=\"noopener\">Lire plus<\/a><\/div><div  data-type=\"column\" class=\"col-xs-12 col-sm-4 flexcol col-padding col-padding-small-xs col-md-4 bg-color12\">  <h5  class=\"\"><span  style=\"color: rgb(255, 255, 255); font-family: &quot;times new roman&quot;, times, serif;\"><font  face=\"Playfair Display, arial, helvetica, sans-serif\">Contact<\/font><\/span><\/h5> <p  class=\"\"><span  style=\"color: rgb(255, 255, 255); font-family: &quot;times new roman&quot;, times, serif; font-weight: 500;\">Besoin d\u2019informations, demande de devis ou tout simplement prendre contact !<\/span><\/p> <a class=\"button color-white outline\" href=\"https:\/\/isabelle-mievre-sophrologie.com\/index.php\/contact\" target=\"_self\" data-cp-link=\"1\" data-icon=\"\" rel=\"noopener\">Lire plus<\/a><\/div><div  data-type=\"column\" class=\"col-xs-12 col-sm-4 flexcol col-padding col-padding-small-xs col-md-4 bg-color21\">  <h5  class=\"\"><font  face=\"Playfair Display, arial, helvetica, sans-serif\">Actualit\u00e9s<\/font><\/h5> <p  class=\"\"><span  style=\"color: rgb(60, 66, 79); font-family: &quot;times new roman&quot;, times, serif; font-weight: 500;\">Des infos, des articles, mes partages<\/span><\/p> <a class=\"button color-black outline\" href=\"https:\/\/isabelle-mievre-sophrologie.com\/index.php\/actualites\" target=\"_self\" data-cp-link=\"1\" data-icon=\"\" rel=\"noopener\">Lire plus<\/a><\/div><\/div><\/div> <\/div><div  data-label=\"About\" data-id=\"about--2\" data-export-id=\"about-10\" data-category=\"about\" class=\"about-10 content-section content-section-spacing\" id=\"about-3\" style=\"background-color: rgb(245, 250, 253);\"><div  class=\"gridContainer\"> <div  class=\"row middle-sm text-center\"><div  class=\"col-sm-5 space-bottom-xs content-column\" data-type=\"column\">  <h2  class=\"\">Suivre son propre chemin<\/h2> <p  class=\"\"><span  style=\"font-family: &quot;times new roman&quot;, times, serif; color: rgb(11, 11, 11); font-weight: 500;\">La sophrologie ne se subtitue pas un traitement m\u00e9dical mais, gr\u00e2ce \u00e0 un entrainement personnel bas\u00e9 sur des techniques de relaxation et d\u2019activation du corps et de l\u2019esprit, elle d\u00e9voile et renforce les capacit\u00e9s et d\u00e9veloppe une attitude positive au quotidien.<\/span><\/p> <\/div> <div  class=\"col-sm-7 flexbox middle-xs center-xs space-bottom-xs\"><div  class=\"overlay-box middle-xs center-xs flexbox\"> <div  class=\"overlay-box-offset offset-border shadow-medium border-color1 hide-xs\"><\/div> <img  decoding=\"async\" class=\"shadow-large\" data-size=\"485x705\" src=\"https:\/\/isabelle-mievre-sophrologie.com\/wp-content\/uploads\/2022\/01\/cropped-Slide1.jpg\" title=\"cropped-Slide1.jpg\" alt=\"\"><\/div> <\/div><\/div> <\/div><\/div><div  id=\"about-1\" style=\"background-color: #f5fafd;\" data-label=\"About\" data-id=\"about-1\" data-export-id=\"about-1\" data-category=\"about\" class=\"about-1 content-section\"><div  class=\"gridContainer\"> <div  class=\"row text-center\"><div  class=\"section-title-col\" data-type=\"column\">  <h2  class=\"\">Aller de l\u2019avant, avec confiance et s\u00e9r\u00e9nit\u00e9.\r\n<\/h2> <p  class=\"lead\"><span  style=\"font-family: &quot;times new roman&quot;, times, serif; font-weight: 500;\">\u00ab&nbsp;Le corps est la porte d\u2019entr\u00e9e pour une rencontre avec soi.&nbsp;\u00bb In\u00e8s Couty<\/span><\/p><\/div> <\/div> <div  class=\"row\"> <div  class=\"button-holder space-bottom space-bottom-small\" data-type=\"column\"> <\/div> <div  class=\"col-xs bottom-xs flexbox image-group-bottom-3-img space-bottom-xs center-xs\"> <img  decoding=\"async\" class=\"left-img shadow-large-black\" data-size=\"500x300\" src=\"https:\/\/isabelle-mievre-sophrologie.com\/wp-content\/uploads\/2021\/10\/1568813596-foto4.jpg\" title=\"1568813596-foto4\" alt=\"\"> <img  decoding=\"async\" class=\"center-img shadow-large-black\" data-size=\"500x300\" src=\"https:\/\/isabelle-mievre-sophrologie.com\/wp-content\/uploads\/2021\/10\/20210403_083109-scaled.jpg\" title=\"20210403_083109\" alt=\"Chemin au bord du lac\"> <img  decoding=\"async\" class=\"right-img shadow-large-black\" data-size=\"500x300\" src=\"https:\/\/isabelle-mievre-sophrologie.com\/wp-content\/uploads\/2021\/10\/20210403_082131-scaled.jpg\" title=\"20210403_082131\" alt=\"\"><\/div> <\/div><\/div> <\/div><div  data-label=\"Contact\" data-id=\"contact--1\" data-export-id=\"contact-1\" data-category=\"contact\" class=\"contact-1 content-section content-section-spacing white-text\" data-parallax-depth=\"20\" id=\"contact-1\" style=\"background-color: rgb(245, 250, 253);\"><div  class=\"gridContainer\"> <div  class=\"row text-center\"><div  class=\"section-title-col\" data-type=\"column\"> <h2  class=\"\">Contact<\/h2> <p  class=\"lead\">Utilisez ce formulaire pour me contacter !<\/p><\/div> <\/div> <div  class=\"row text-center\"> <div  class=\"col-xs-12 col-sm-8 col-sm-offset-2 contact-form-wrapper inline-info\"> <div  class=\"card large-padding\"> <div  class=\"\" data-content-shortcode=\"mesmerize_contact_form shortcode=&quot;contact-form-7 id=&amp;amp;quot;327&amp;amp;quot; title=&amp;amp;quot;Formulaire de contact 1&amp;amp;quot;&quot;\" data-editable=\"true\">\n<div class=\"wpcf7 no-js\" id=\"wpcf7-f327-o1\" lang=\"fr-FR\" dir=\"ltr\" data-wpcf7-id=\"327\">\n<div class=\"screen-reader-response\"><p role=\"status\" aria-live=\"polite\" aria-atomic=\"true\"><\/p> <ul><\/ul><\/div>\n<form action=\"\/index.php\/wp-json\/wp\/v2\/pages\/77#wpcf7-f327-o1\" method=\"post\" class=\"wpcf7-form init\" aria-label=\"Formulaire de contact\" novalidate=\"novalidate\" data-status=\"init\">\n<fieldset class=\"hidden-fields-container\"><input type=\"hidden\" name=\"_wpcf7\" value=\"327\" \/><input type=\"hidden\" name=\"_wpcf7_version\" value=\"6.1.2\" \/><input type=\"hidden\" name=\"_wpcf7_locale\" value=\"fr_FR\" \/><input type=\"hidden\" name=\"_wpcf7_unit_tag\" value=\"wpcf7-f327-o1\" \/><input type=\"hidden\" name=\"_wpcf7_container_post\" value=\"0\" \/><input type=\"hidden\" name=\"_wpcf7_posted_data_hash\" value=\"\" \/>\n<\/fieldset>\n<p><label> Votre nom<br \/>\n<span class=\"wpcf7-form-control-wrap\" data-name=\"your-name\"><input size=\"40\" maxlength=\"400\" class=\"wpcf7-form-control wpcf7-text wpcf7-validates-as-required\" aria-required=\"true\" aria-invalid=\"false\" value=\"\" type=\"text\" name=\"your-name\" \/><\/span> <\/label>\n<\/p>\n<p><label> Votre e-mail<br \/>\n<span class=\"wpcf7-form-control-wrap\" data-name=\"your-email\"><input size=\"40\" maxlength=\"400\" class=\"wpcf7-form-control wpcf7-email wpcf7-validates-as-required wpcf7-text wpcf7-validates-as-email\" aria-required=\"true\" aria-invalid=\"false\" value=\"\" type=\"email\" name=\"your-email\" \/><\/span> <\/label>\n<\/p>\n<p><label> Objet<br \/>\n<span class=\"wpcf7-form-control-wrap\" data-name=\"your-subject\"><input size=\"40\" maxlength=\"400\" class=\"wpcf7-form-control wpcf7-text wpcf7-validates-as-required\" aria-required=\"true\" aria-invalid=\"false\" value=\"\" type=\"text\" name=\"your-subject\" \/><\/span> <\/label>\n<\/p>\n<p><label> Votre message<br \/>\n<span class=\"wpcf7-form-control-wrap\" data-name=\"your-message\"><textarea cols=\"40\" rows=\"10\" maxlength=\"2000\" class=\"wpcf7-form-control wpcf7-textarea\" aria-invalid=\"false\" name=\"your-message\"><\/textarea><\/span> <\/label>\n<\/p>\n<p><input class=\"wpcf7-form-control wpcf7-submit has-spinner\" type=\"submit\" value=\"Envoyer\" \/>\n<\/p><div class=\"wpcf7-response-output\" aria-hidden=\"true\"><\/div>\n<\/form>\n<\/div>\n<\/div><\/div> <\/div><\/div> <\/div><\/div>","protected":false},"excerpt":{"rendered":"<p>Bienvenue Si vous vous retrouvez sur ce site, cela n\u2019est pas un hasard. D\u00e9couvrez moi et osez la d\u00e9couverte d\u2019un nouvel horizon!\ufeff\ufeff Lire plus La sophrologie\ufeff\ufeff\ufeff Apprenez \u00e0 respirer , \u00e0 vivre ici et maintenant.\ufeff\ufeff Lire plus Qui suis-je? Je suis Isabelle Mi\u00e8vre, sophrologue, je vous invite \u00e0 d\u00e9couvrir mon parcours ! Lire plus S\u00e9ances&hellip; <br \/> <a class=\"read-more\" href=\"https:\/\/isabelle-mievre-sophrologie.com\/\">Read more<\/a><\/p>\n","protected":false},"author":1,"featured_media":69,"parent":0,"menu_order":0,"comment_status":"closed","ping_status":"closed","template":"page-templates\/homepage.php","meta":{"footnotes":""},"class_list":["post-77","page","type-page","status-publish","has-post-thumbnail","hentry"],"_links":{"self":[{"href":"https:\/\/isabelle-mievre-sophrologie.com\/index.php\/wp-json\/wp\/v2\/pages\/77","targetHints":{"allow":["GET"]}}],"collection":[{"href":"https:\/\/isabelle-mievre-sophrologie.com\/index.php\/wp-json\/wp\/v2\/pages"}],"about":[{"href":"https:\/\/isabelle-mievre-sophrologie.com\/index.php\/wp-json\/wp\/v2\/types\/page"}],"author":[{"embeddable":true,"href":"https:\/\/isabelle-mievre-sophrologie.com\/index.php\/wp-json\/wp\/v2\/users\/1"}],"replies":[{"embeddable":true,"href":"https:\/\/isabelle-mievre-sophrologie.com\/index.php\/wp-json\/wp\/v2\/comments?post=77"}],"version-history":[{"count":58,"href":"https:\/\/isabelle-mievre-sophrologie.com\/index.php\/wp-json\/wp\/v2\/pages\/77\/revisions"}],"predecessor-version":[{"id":495,"href":"https:\/\/isabelle-mievre-sophrologie.com\/index.php\/wp-json\/wp\/v2\/pages\/77\/revisions\/495"}],"wp:featuredmedia":[{"embeddable":true,"href":"https:\/\/isabelle-mievre-sophrologie.com\/index.php\/wp-json\/wp\/v2\/media\/69"}],"wp:attachment":[{"href":"https:\/\/isabelle-mievre-sophrologie.com\/index.php\/wp-json\/wp\/v2\/media?parent=77"}],"curies":[{"name":"wp","href":"https:\/\/api.w.org\/{rel}","templated":true}]}}